{"id":112,"date":"2021-02-09T07:04:41","date_gmt":"2021-02-09T12:04:41","guid":{"rendered":"https:\/\/blog.term-life-insurance.ca\/blog\/"},"modified":"2022-02-14T07:29:21","modified_gmt":"2022-02-14T12:29:21","slug":"blog","status":"publish","type":"page","link":"https:\/\/term-life-insurance.ca\/blog\/fr\/","title":{"rendered":"Blog"},"content":{"rendered":"\t\t<div data-elementor-type=\"wp-page\" data-elementor-id=\"112\" class=\"elementor elementor-112 elementor-2\" data-elementor-post-type=\"page\">\n\t\t\t\t\t\t<section class=\"elementor-section elementor-top-section elementor-element elementor-element-ce6cff4 elementor-section-boxed elementor-section-height-default elementor-section-height-default\" data-id=\"ce6cff4\" data-element_type=\"section\" id=\"borderme\" data-settings=\"{&quot;background_background&quot;:&quot;classic&quot;}\">\n\t\t\t\t\t\t<div class=\"elementor-container elementor-column-gap-default\">\n\t\t\t\t\t<div class=\"elementor-column elementor-col-100 elementor-top-column elementor-element elementor-element-3388843\" data-id=\"3388843\" data-element_type=\"column\">\n\t\t\t<div class=\"elementor-widget-wrap elementor-element-populated\">\n\t\t\t\t\t\t<div class=\"elementor-element elementor-element-1095d08 elementor-view-default elementor-widget elementor-widget-icon\" data-id=\"1095d08\" data-element_type=\"widget\" id=\"blogicon\" data-widget_type=\"icon.default\">\n\t\t\t\t<div class=\"elementor-widget-container\">\n\t\t\t\t\t\t\t<div class=\"elementor-icon-wrapper\">\n\t\t\t<div class=\"elementor-icon\">\n\t\t\t<i aria-hidden=\"true\" class=\"fas fa-blog\"><\/i>\t\t\t<\/div>\n\t\t<\/div>\n\t\t\t\t\t\t<\/div>\n\t\t\t\t<\/div>\n\t\t\t\t<div class=\"elementor-element elementor-element-620e88f elementor-widget elementor-widget-heading\" data-id=\"620e88f\" data-element_type=\"widget\" data-widget_type=\"heading.default\">\n\t\t\t\t<div class=\"elementor-widget-container\">\n\t\t\t\t\t<h1 class=\"elementor-heading-title elementor-size-default\">BLOG<\/h1>\t\t\t\t<\/div>\n\t\t\t\t<\/div>\n\t\t\t\t<div class=\"elementor-element elementor-element-ffb442a elementor-widget elementor-widget-pp-divider\" data-id=\"ffb442a\" data-element_type=\"widget\" data-widget_type=\"pp-divider.default\">\n\t\t\t\t<div class=\"elementor-widget-container\">\n\t\t\t\t\t\t\t<div class=\"pp-divider-wrap\">\n\t\t\t\t\t\t\t<div class=\"pp-divider pp-divider-horizontal horizontal pp-divider-solid solid\"><\/div>\n\t\t\t\t\t\t<\/div>    \n\t\t\t\t\t\t<\/div>\n\t\t\t\t<\/div>\n\t\t\t\t\t<\/div>\n\t\t<\/div>\n\t\t\t\t\t<\/div>\n\t\t<\/section>\n\t\t\t\t<section class=\"elementor-section elementor-top-section elementor-element elementor-element-65d478cd fullheight elementor-section-boxed elementor-section-height-default elementor-section-height-default\" data-id=\"65d478cd\" data-element_type=\"section\">\n\t\t\t\t\t\t<div class=\"elementor-container elementor-column-gap-default\">\n\t\t\t\t\t<div class=\"elementor-column elementor-col-100 elementor-top-column elementor-element elementor-element-7f95db02\" data-id=\"7f95db02\" data-element_type=\"column\">\n\t\t\t<div class=\"elementor-widget-wrap elementor-element-populated\">\n\t\t\t\t\t\t<div class=\"elementor-element elementor-element-7d4e3114 pp-post-filters-align-center elementor-grid-3 elementor-grid-tablet-2 elementor-grid-mobile-1 elementor-widget elementor-widget-pp-posts\" data-id=\"7d4e3114\" data-element_type=\"widget\" data-widget_type=\"pp-posts.card\">\n\t\t\t\t<div class=\"elementor-widget-container\">\n\t\t\t\t\t\t\t<div class=\"pp-post-filters-container\">\n\t\t\t\t\t\t<div class=\"pp-post-filters-wrap pp-post-filters-dropdown-no\">\n\t\t\t\t<ul class=\"pp-post-filters \">\n\t\t\t\t\t<li class=\"pp-post-filter pp-filter-current\" data-filter=\"*\" data-taxonomy=\"\">Tous les articles<\/li>\n\t\t\t\t\t\t\t\t\t\t\t\t\t\t\t\t\t\t\t\t\t\t\t\t<li class=\"pp-post-filter\" data-filter=\".assurance-vie\" data-taxonomy=\".category\">Assurance vie<\/li>\n\t\t\t\t\t\t\t\t\t\t\t\t\t\t\t\t\t\t\t\t\t\t\t\t\t\t<li class=\"pp-post-filter\" data-filter=\".assurance-vie-temporaire-2\" data-taxonomy=\".category\">Assurance vie temporaire<\/li>\n\t\t\t\t\t\t\t\t\t\t\t\t\t\t\t\t\t\t\t\t\t\t\t\t\t\t<li class=\"pp-post-filter\" data-filter=\".assurance-vie-temporaire-fr\" data-taxonomy=\".category\">Assurance vie temporaire<\/li>\n\t\t\t\t\t\t\t\t\t\t\t\t\t\t\t\t\t\t\t\t\t\t\t\t\t\t<li class=\"pp-post-filter\" data-filter=\".astuces-sante\" data-taxonomy=\".category\">Astuces Sant\u00e9<\/li>\n\t\t\t\t\t\t\t\t\t\t\t\t\t\t\t\t\t\t\t\t\t\t\t\t\t\t<li class=\"pp-post-filter\" data-filter=\".economisez-de-largent-sur-lassurance-vie-temporaire\" data-taxonomy=\".category\">\u00c9conomisez de l'argent sur l'Assurance vie temporaire<\/li>\n\t\t\t\t\t\t\t\t\t\t\t\t\t\t\t\t\t\t\t\t\t\t\t\t\t\t<li class=\"pp-post-filter\" data-filter=\".non-classifie\" data-taxonomy=\".category\">Non classifi\u00e9(e)<\/li>\n\t\t\t\t\t\t\t\t\t\t\t<\/ul>\n\n\t\t\t\t\t\t\t<\/div>\n\t\t\t\t\t\t\t\t<\/div>\n\t\t\t\t<div class=\"pp-posts-container\">\n\t\t\t\n\t\t\t\t\t\t\t\t\t\t\n\t\t\t<div class=\"pp-posts pp-posts-skin-card elementor-grid pp-posts-grid\" data-query-type=\"custom\" data-layout=\"grid\" data-page=\"112\" data-skin=\"card\">\n\t\t\t\t\t\t\t\t\t\t\t<div class=\"pp-post-wrap pp-grid-item-wrap elementor-grid-item post-1021 post type-post status-publish format-standard has-post-thumbnail hentry category-economisez-de-largent-sur-lassurance-vie-temporaire\">\n\t\t\t\t\t\t<div class=\"pp-post pp-grid-item\">\n\t\t\t\t\t\t<div class=\"pp-post-thumbnail\">\n\t\t\t<a class=\"pp-post-thumbnail-wrap\" href=\"https:\/\/term-life-insurance.ca\/blog\/fr\/comment-choisir-de-lassurance-vie-abordable-pour-votre-famille\/\" title=\"Comment choisir de l\u2019assurance vie abordable pour votre famille\">\n\t\t\t\t<img fetchpriority=\"high\" decoding=\"async\" width=\"800\" height=\"534\" src=\"https:\/\/term-life-insurance.ca\/blog\/wp-content\/uploads\/sites\/19\/2023\/05\/0.-GettyImages-817348278-1024x683.jpeg\" class=\"attachment-large size-large wp-image-841\" alt=\"Paper cut-outs of a happy family protected by affordable life insurance.\" srcset=\"https:\/\/term-life-insurance.ca\/blog\/wp-content\/uploads\/sites\/19\/2023\/05\/0.-GettyImages-817348278-1024x683.jpeg 1024w, https:\/\/term-life-insurance.ca\/blog\/wp-content\/uploads\/sites\/19\/2023\/05\/0.-GettyImages-817348278-300x200.jpeg 300w, https:\/\/term-life-insurance.ca\/blog\/wp-content\/uploads\/sites\/19\/2023\/05\/0.-GettyImages-817348278-768x512.jpeg 768w, https:\/\/term-life-insurance.ca\/blog\/wp-content\/uploads\/sites\/19\/2023\/05\/0.-GettyImages-817348278-1536x1024.jpeg 1536w, https:\/\/term-life-insurance.ca\/blog\/wp-content\/uploads\/sites\/19\/2023\/05\/0.-GettyImages-817348278-2048x1365.jpeg 2048w\" sizes=\"(max-width: 800px) 100vw, 800px\" \/>\t\t\t<\/a>\n\t\t<\/div>\n\t\t\n\t\t\t\t<div class=\"pp-post-content-wrap\">\n\t\t\t\t\t<div class=\"pp-post-content\">\n\t\t\t\t\t\t\t\t\t\t<div class=\"pp-post-terms-wrap\">\n\t\t\t<span class=\"pp-post-terms\">\n\t\t\t\t<span class=\"pp-post-term\">\u00c9conomisez de l&#039;argent sur l&#039;Assurance vie temporaire<\/span>\t\t\t<\/span>\n\t\t<\/div>\n\t\t\t\t\t\t\t\t\t\t<h2 class=\"pp-post-title\">\n\t\t\t\t<a href=\"https:\/\/term-life-insurance.ca\/blog\/fr\/comment-choisir-de-lassurance-vie-abordable-pour-votre-famille\/\">Comment choisir de l\u2019assurance vie abordable pour votre famille<\/a>\t\t\t<\/h2>\n\t\t\t\t\t\t\t<div class=\"pp-post-excerpt\">\n\t\t\t<p>En tant que parent responsable, vous connaissez l&rsquo;importance de prot\u00e9ger l&rsquo;avenir financier de votre famille. Choisir une ...<\/p>\n\t\t<\/div>\n\t\t\t\t\t\t\t\t\t<\/div>\n\t\t\t\t\t\t\t\t\t<a class=\"pp-posts-button elementor-button elementor-size-sm\" href=\"https:\/\/term-life-insurance.ca\/blog\/fr\/comment-choisir-de-lassurance-vie-abordable-pour-votre-famille\/\" title=\"Comment choisir de l\u2019assurance vie abordable pour votre famille\" aria-label=\"Read more about Comment choisir de l\u2019assurance vie abordable pour votre famille\">\n\t\t\t\t\t\t\t\t\t\t<span class=\"pp-button-text\">\n\t\t\t\t\tLire la suite...\t\t\t\t<\/span>\n\t\t\t\t\t\t\t\t\t<span class=\"pp-button-icon elementor-button-icon elementor-align-icon-right\">\n\t\t\t\t<i aria-hidden=\"true\" class=\"fas fa-long-arrow-alt-right\"><\/i>\t\t\t<\/span>\n\t\t\t\t\t<\/a>\n\t\t\t\t\t\t\t\t<\/div>\n\n\t\t\t\t\t\t\t<\/div>\n\t\t\t\t\t<\/div>\n\t\t\t\t<div class=\"pp-post-wrap pp-grid-item-wrap elementor-grid-item post-1018 post type-post status-publish format-standard has-post-thumbnail hentry category-economisez-de-largent-sur-lassurance-vie-temporaire\">\n\t\t\t\t\t\t<div class=\"pp-post pp-grid-item\">\n\t\t\t\t\t\t<div class=\"pp-post-thumbnail\">\n\t\t\t<a class=\"pp-post-thumbnail-wrap\" href=\"https:\/\/term-life-insurance.ca\/blog\/fr\/avt-abordable-protegez-votre-famille\/\" title=\"De l\u2019assurance vie temporaire abordable : Prot\u00e9gez le bien-\u00eatre financier de votre famille\">\n\t\t\t\t<img decoding=\"async\" width=\"800\" height=\"534\" src=\"https:\/\/term-life-insurance.ca\/blog\/wp-content\/uploads\/sites\/19\/2023\/05\/0.-GettyImages-901212756-1024x683.jpeg\" class=\"attachment-large size-large wp-image-801\" alt=\"Affordable term life insurance providing financial security for families.\" srcset=\"https:\/\/term-life-insurance.ca\/blog\/wp-content\/uploads\/sites\/19\/2023\/05\/0.-GettyImages-901212756-1024x683.jpeg 1024w, https:\/\/term-life-insurance.ca\/blog\/wp-content\/uploads\/sites\/19\/2023\/05\/0.-GettyImages-901212756-300x200.jpeg 300w, https:\/\/term-life-insurance.ca\/blog\/wp-content\/uploads\/sites\/19\/2023\/05\/0.-GettyImages-901212756-768x512.jpeg 768w, https:\/\/term-life-insurance.ca\/blog\/wp-content\/uploads\/sites\/19\/2023\/05\/0.-GettyImages-901212756-1536x1024.jpeg 1536w, https:\/\/term-life-insurance.ca\/blog\/wp-content\/uploads\/sites\/19\/2023\/05\/0.-GettyImages-901212756-2048x1365.jpeg 2048w\" sizes=\"(max-width: 800px) 100vw, 800px\" \/>\t\t\t<\/a>\n\t\t<\/div>\n\t\t\n\t\t\t\t<div class=\"pp-post-content-wrap\">\n\t\t\t\t\t<div class=\"pp-post-content\">\n\t\t\t\t\t\t\t\t\t\t<div class=\"pp-post-terms-wrap\">\n\t\t\t<span class=\"pp-post-terms\">\n\t\t\t\t<span class=\"pp-post-term\">\u00c9conomisez de l&#039;argent sur l&#039;Assurance vie temporaire<\/span>\t\t\t<\/span>\n\t\t<\/div>\n\t\t\t\t\t\t\t\t\t\t<h2 class=\"pp-post-title\">\n\t\t\t\t<a href=\"https:\/\/term-life-insurance.ca\/blog\/fr\/avt-abordable-protegez-votre-famille\/\">De l\u2019assurance vie temporaire abordable : Prot\u00e9gez le bien-\u00eatre financier de votre famille<\/a>\t\t\t<\/h2>\n\t\t\t\t\t\t\t<div class=\"pp-post-excerpt\">\n\t\t\t<p>En tant que parent ou partenaire responsable, votre objectif est d&rsquo;assurer le meilleur pour votre famille. Bien ...<\/p>\n\t\t<\/div>\n\t\t\t\t\t\t\t\t\t<\/div>\n\t\t\t\t\t\t\t\t\t<a class=\"pp-posts-button elementor-button elementor-size-sm\" href=\"https:\/\/term-life-insurance.ca\/blog\/fr\/avt-abordable-protegez-votre-famille\/\" title=\"De l\u2019assurance vie temporaire abordable : Prot\u00e9gez le bien-\u00eatre financier de votre famille\" aria-label=\"Read more about De l\u2019assurance vie temporaire abordable : Prot\u00e9gez le bien-\u00eatre financier de votre famille\">\n\t\t\t\t\t\t\t\t\t\t<span class=\"pp-button-text\">\n\t\t\t\t\tLire la suite...\t\t\t\t<\/span>\n\t\t\t\t\t\t\t\t\t<span class=\"pp-button-icon elementor-button-icon elementor-align-icon-right\">\n\t\t\t\t<i aria-hidden=\"true\" class=\"fas fa-long-arrow-alt-right\"><\/i>\t\t\t<\/span>\n\t\t\t\t\t<\/a>\n\t\t\t\t\t\t\t\t<\/div>\n\n\t\t\t\t\t\t\t<\/div>\n\t\t\t\t\t<\/div>\n\t\t\t\t<div class=\"pp-post-wrap pp-grid-item-wrap elementor-grid-item post-921 post type-post status-publish format-standard has-post-thumbnail hentry category-non-classifie\">\n\t\t\t\t\t\t<div class=\"pp-post pp-grid-item\">\n\t\t\t\t\t\t<div class=\"pp-post-thumbnail\">\n\t\t\t<a class=\"pp-post-thumbnail-wrap\" href=\"https:\/\/term-life-insurance.ca\/blog\/fr\/lassurance-pour-les-parents-pourquoi-vous-devez-etre-protege-pour-vos-enfants\/\" title=\"L\u2019Assurance pour les parents: pourquoi vous devez \u00eatre prot\u00e9g\u00e9 pour vos enfants\">\n\t\t\t\t<img decoding=\"async\" width=\"800\" height=\"534\" src=\"https:\/\/term-life-insurance.ca\/blog\/wp-content\/uploads\/sites\/19\/2022\/08\/0.-omar-lopez-_H1ZmUzwp9w-unsplash-1024x683.jpeg\" class=\"attachment-large size-large wp-image-537\" alt=\"Insurance for Parents: Why Your Kids Need You Protected\" srcset=\"https:\/\/term-life-insurance.ca\/blog\/wp-content\/uploads\/sites\/19\/2022\/08\/0.-omar-lopez-_H1ZmUzwp9w-unsplash-1024x683.jpeg 1024w, https:\/\/term-life-insurance.ca\/blog\/wp-content\/uploads\/sites\/19\/2022\/08\/0.-omar-lopez-_H1ZmUzwp9w-unsplash-300x200.jpeg 300w, https:\/\/term-life-insurance.ca\/blog\/wp-content\/uploads\/sites\/19\/2022\/08\/0.-omar-lopez-_H1ZmUzwp9w-unsplash-768x512.jpeg 768w, https:\/\/term-life-insurance.ca\/blog\/wp-content\/uploads\/sites\/19\/2022\/08\/0.-omar-lopez-_H1ZmUzwp9w-unsplash-1536x1024.jpeg 1536w, https:\/\/term-life-insurance.ca\/blog\/wp-content\/uploads\/sites\/19\/2022\/08\/0.-omar-lopez-_H1ZmUzwp9w-unsplash.jpeg 1920w\" sizes=\"(max-width: 800px) 100vw, 800px\" \/>\t\t\t<\/a>\n\t\t<\/div>\n\t\t\n\t\t\t\t<div class=\"pp-post-content-wrap\">\n\t\t\t\t\t<div class=\"pp-post-content\">\n\t\t\t\t\t\t\t\t\t\t<div class=\"pp-post-terms-wrap\">\n\t\t\t<span class=\"pp-post-terms\">\n\t\t\t\t<span class=\"pp-post-term\">Non classifi\u00e9(e)<\/span>\t\t\t<\/span>\n\t\t<\/div>\n\t\t\t\t\t\t\t\t\t\t<h2 class=\"pp-post-title\">\n\t\t\t\t<a href=\"https:\/\/term-life-insurance.ca\/blog\/fr\/lassurance-pour-les-parents-pourquoi-vous-devez-etre-protege-pour-vos-enfants\/\">L\u2019Assurance pour les parents: pourquoi vous devez \u00eatre prot\u00e9g\u00e9 pour vos enfants<\/a>\t\t\t<\/h2>\n\t\t\t\t\t\t\t<div class=\"pp-post-excerpt\">\n\t\t\t<p>L\u2019assurance est, pour les parents, un des meilleurs moyens de prot\u00e9ger ses enfants. Avec une bonne couverture, ...<\/p>\n\t\t<\/div>\n\t\t\t\t\t\t\t\t\t<\/div>\n\t\t\t\t\t\t\t\t\t<a class=\"pp-posts-button elementor-button elementor-size-sm\" href=\"https:\/\/term-life-insurance.ca\/blog\/fr\/lassurance-pour-les-parents-pourquoi-vous-devez-etre-protege-pour-vos-enfants\/\" title=\"L\u2019Assurance pour les parents: pourquoi vous devez \u00eatre prot\u00e9g\u00e9 pour vos enfants\" aria-label=\"Read more about L\u2019Assurance pour les parents: pourquoi vous devez \u00eatre prot\u00e9g\u00e9 pour vos enfants\">\n\t\t\t\t\t\t\t\t\t\t<span class=\"pp-button-text\">\n\t\t\t\t\tLire la suite...\t\t\t\t<\/span>\n\t\t\t\t\t\t\t\t\t<span class=\"pp-button-icon elementor-button-icon elementor-align-icon-right\">\n\t\t\t\t<i aria-hidden=\"true\" class=\"fas fa-long-arrow-alt-right\"><\/i>\t\t\t<\/span>\n\t\t\t\t\t<\/a>\n\t\t\t\t\t\t\t\t<\/div>\n\n\t\t\t\t\t\t\t<\/div>\n\t\t\t\t\t<\/div>\n\t\t\t\t\t\t\t\t\t<\/div>\n\t\t\t\n\t\t\t\n\t\t\t\t\t\t<div class=\"pp-posts-loader\"><\/div>\n\t\t\t\n\t\t\t\n\t\t\t\t\t\t\t\t\t\t\t<div class=\"pp-posts-pagination-wrap pp-posts-pagination-bottom\">\n\t\t\t\t\t\t\t\t<div class=\"pp-post-load-more-wrap pp-posts-pagination\" data-total=\"3\">\n\t\t\t\t<a class=\"pp-post-load-more elementor-button elementor-size-sm\" href=\"javascript:void(0);\">\n\t\t\t\t\t\t\t\t\t\t\t\t\t\t\t\t<span class=\"pp-button-text\">\n\t\t\t\t\t\t\tLoad More\t\t\t\t\t\t<\/span>\n\t\t\t\t\t\t\t\t\t\t\t\t\t\t<\/a>\n\t\t\t<\/div>\n\t\t\t\t\t\t\t<\/div>\n\t\t\t\t\t\t\t\t\t<\/div>\n\n\t\t\n\t\t\t\t\t\t<\/div>\n\t\t\t\t<\/div>\n\t\t\t\t\t<\/div>\n\t\t<\/div>\n\t\t\t\t\t<\/div>\n\t\t<\/section>\n\t\t\t\t<\/div>\n\t\t","protected":false},"excerpt":{"rendered":"<p>BLOG Tous les articles Non classifi\u00e9(e) Non classifi\u00e9(e) Nos conseils pour rester en bonne sant\u00e9 \u00e0 no\u00ebl Passer un No\u00ebl festif tout en gardant la ligne et rester en bonne sant\u00e9 est possible. Et &#8230; Lire la suite&#8230;<\/p>\n","protected":false},"author":1,"featured_media":0,"parent":0,"menu_order":0,"comment_status":"closed","ping_status":"open","template":"","meta":{"rop_custom_images_group":[],"rop_custom_messages_group":[],"rop_publish_now":"initial","rop_publish_now_accounts":[],"rop_publish_now_history":[],"rop_publish_now_status":"pending","wp_social_preview_title":"","wp_social_preview_description":"","wp_social_preview_image":0,"footnotes":""},"class_list":["post-112","page","type-page","status-publish","hentry"],"yoast_head":"<!-- This site is optimized with the Yoast SEO plugin v26.6 - https:\/\/yoast.com\/wordpress\/plugins\/seo\/ -->\n<title>Blog | Assurance Vie Temporaire<\/title>\n<meta name=\"description\" content=\"Dans notre section blog, vous trouverez des articles informatifs sur l&#039;assurance vie temporaire.\" \/>\n<meta name=\"robots\" content=\"index, follow, max-snippet:-1, max-image-preview:large, max-video-preview:-1\" \/>\n<link rel=\"canonical\" href=\"https:\/\/term-life-insurance.ca\/blog\/fr\/\" \/>\n<meta property=\"og:locale\" content=\"fr_FR\" \/>\n<meta property=\"og:type\" content=\"article\" \/>\n<meta property=\"og:title\" content=\"Blog | Assurance Vie Temporaire\" \/>\n<meta property=\"og:description\" content=\"Dans notre section blog, vous trouverez des articles informatifs sur l&#039;assurance vie temporaire.\" \/>\n<meta property=\"og:url\" content=\"https:\/\/term-life-insurance.ca\/blog\/fr\/\" \/>\n<meta property=\"og:site_name\" content=\"Blog Term Life Insurance\" \/>\n<meta property=\"article:modified_time\" content=\"2022-02-14T12:29:21+00:00\" \/>\n<meta property=\"og:image\" content=\"https:\/\/blog.term-life-insurance.ca\/wp-content\/uploads\/sites\/19\/2021\/12\/40.png\" \/>\n<meta name=\"twitter:card\" content=\"summary_large_image\" \/>\n<meta name=\"twitter:label1\" content=\"Dur\u00e9e de lecture estim\u00e9e\" \/>\n\t<meta name=\"twitter:data1\" content=\"1 minute\" \/>\n<script type=\"application\/ld+json\" class=\"yoast-schema-graph\">{\"@context\":\"https:\/\/schema.org\",\"@graph\":[{\"@type\":\"WebPage\",\"@id\":\"https:\/\/term-life-insurance.ca\/blog\/fr\/\",\"url\":\"https:\/\/term-life-insurance.ca\/blog\/fr\/\",\"name\":\"Blog | Assurance Vie Temporaire\",\"isPartOf\":{\"@id\":\"https:\/\/term-life-insurance.ca\/blog\/#website\"},\"primaryImageOfPage\":{\"@id\":\"https:\/\/term-life-insurance.ca\/blog\/fr\/#primaryimage\"},\"image\":{\"@id\":\"https:\/\/term-life-insurance.ca\/blog\/fr\/#primaryimage\"},\"thumbnailUrl\":\"https:\/\/blog.term-life-insurance.ca\/wp-content\/uploads\/sites\/19\/2021\/12\/40.png\",\"datePublished\":\"2021-02-09T12:04:41+00:00\",\"dateModified\":\"2022-02-14T12:29:21+00:00\",\"description\":\"Dans notre section blog, vous trouverez des articles informatifs sur l'assurance vie temporaire.\",\"breadcrumb\":{\"@id\":\"https:\/\/term-life-insurance.ca\/blog\/fr\/#breadcrumb\"},\"inLanguage\":\"fr-FR\",\"potentialAction\":[{\"@type\":\"ReadAction\",\"target\":[\"https:\/\/term-life-insurance.ca\/blog\/fr\/\"]}]},{\"@type\":\"ImageObject\",\"inLanguage\":\"fr-FR\",\"@id\":\"https:\/\/term-life-insurance.ca\/blog\/fr\/#primaryimage\",\"url\":\"https:\/\/blog.term-life-insurance.ca\/wp-content\/uploads\/sites\/19\/2021\/12\/40.png\",\"contentUrl\":\"https:\/\/blog.term-life-insurance.ca\/wp-content\/uploads\/sites\/19\/2021\/12\/40.png\"},{\"@type\":\"BreadcrumbList\",\"@id\":\"https:\/\/term-life-insurance.ca\/blog\/fr\/#breadcrumb\",\"itemListElement\":[{\"@type\":\"ListItem\",\"position\":1,\"name\":\"Home\",\"item\":\"https:\/\/term-life-insurance.ca\/blog\/fr\/\"},{\"@type\":\"ListItem\",\"position\":2,\"name\":\"Blog\"}]},{\"@type\":\"WebSite\",\"@id\":\"https:\/\/term-life-insurance.ca\/blog\/#website\",\"url\":\"https:\/\/term-life-insurance.ca\/blog\/\",\"name\":\"Blog Term Life Insurance\",\"description\":\"Blog Term Life Insurance\",\"potentialAction\":[{\"@type\":\"SearchAction\",\"target\":{\"@type\":\"EntryPoint\",\"urlTemplate\":\"https:\/\/term-life-insurance.ca\/blog\/?s={search_term_string}\"},\"query-input\":{\"@type\":\"PropertyValueSpecification\",\"valueRequired\":true,\"valueName\":\"search_term_string\"}}],\"inLanguage\":\"fr-FR\"}]}<\/script>\n<!-- \/ Yoast SEO plugin. -->","yoast_head_json":{"title":"Blog | Assurance Vie Temporaire","description":"Dans notre section blog, vous trouverez des articles informatifs sur l'assurance vie temporaire.","robots":{"index":"index","follow":"follow","max-snippet":"max-snippet:-1","max-image-preview":"max-image-preview:large","max-video-preview":"max-video-preview:-1"},"canonical":"https:\/\/term-life-insurance.ca\/blog\/fr\/","og_locale":"fr_FR","og_type":"article","og_title":"Blog | Assurance Vie Temporaire","og_description":"Dans notre section blog, vous trouverez des articles informatifs sur l'assurance vie temporaire.","og_url":"https:\/\/term-life-insurance.ca\/blog\/fr\/","og_site_name":"Blog Term Life Insurance","article_modified_time":"2022-02-14T12:29:21+00:00","og_image":[{"url":"https:\/\/blog.term-life-insurance.ca\/wp-content\/uploads\/sites\/19\/2021\/12\/40.png","type":"","width":"","height":""}],"twitter_card":"summary_large_image","twitter_misc":{"Dur\u00e9e de lecture estim\u00e9e":"1 minute"},"schema":{"@context":"https:\/\/schema.org","@graph":[{"@type":"WebPage","@id":"https:\/\/term-life-insurance.ca\/blog\/fr\/","url":"https:\/\/term-life-insurance.ca\/blog\/fr\/","name":"Blog | Assurance Vie Temporaire","isPartOf":{"@id":"https:\/\/term-life-insurance.ca\/blog\/#website"},"primaryImageOfPage":{"@id":"https:\/\/term-life-insurance.ca\/blog\/fr\/#primaryimage"},"image":{"@id":"https:\/\/term-life-insurance.ca\/blog\/fr\/#primaryimage"},"thumbnailUrl":"https:\/\/blog.term-life-insurance.ca\/wp-content\/uploads\/sites\/19\/2021\/12\/40.png","datePublished":"2021-02-09T12:04:41+00:00","dateModified":"2022-02-14T12:29:21+00:00","description":"Dans notre section blog, vous trouverez des articles informatifs sur l'assurance vie temporaire.","breadcrumb":{"@id":"https:\/\/term-life-insurance.ca\/blog\/fr\/#breadcrumb"},"inLanguage":"fr-FR","potentialAction":[{"@type":"ReadAction","target":["https:\/\/term-life-insurance.ca\/blog\/fr\/"]}]},{"@type":"ImageObject","inLanguage":"fr-FR","@id":"https:\/\/term-life-insurance.ca\/blog\/fr\/#primaryimage","url":"https:\/\/blog.term-life-insurance.ca\/wp-content\/uploads\/sites\/19\/2021\/12\/40.png","contentUrl":"https:\/\/blog.term-life-insurance.ca\/wp-content\/uploads\/sites\/19\/2021\/12\/40.png"},{"@type":"BreadcrumbList","@id":"https:\/\/term-life-insurance.ca\/blog\/fr\/#breadcrumb","itemListElement":[{"@type":"ListItem","position":1,"name":"Home","item":"https:\/\/term-life-insurance.ca\/blog\/fr\/"},{"@type":"ListItem","position":2,"name":"Blog"}]},{"@type":"WebSite","@id":"https:\/\/term-life-insurance.ca\/blog\/#website","url":"https:\/\/term-life-insurance.ca\/blog\/","name":"Blog Term Life Insurance","description":"Blog Term Life Insurance","potentialAction":[{"@type":"SearchAction","target":{"@type":"EntryPoint","urlTemplate":"https:\/\/term-life-insurance.ca\/blog\/?s={search_term_string}"},"query-input":{"@type":"PropertyValueSpecification","valueRequired":true,"valueName":"search_term_string"}}],"inLanguage":"fr-FR"}]}},"_links":{"self":[{"href":"https:\/\/term-life-insurance.ca\/blog\/fr\/wp-json\/wp\/v2\/pages\/112","targetHints":{"allow":["GET"]}}],"collection":[{"href":"https:\/\/term-life-insurance.ca\/blog\/fr\/wp-json\/wp\/v2\/pages"}],"about":[{"href":"https:\/\/term-life-insurance.ca\/blog\/fr\/wp-json\/wp\/v2\/types\/page"}],"author":[{"embeddable":true,"href":"https:\/\/term-life-insurance.ca\/blog\/fr\/wp-json\/wp\/v2\/users\/1"}],"replies":[{"embeddable":true,"href":"https:\/\/term-life-insurance.ca\/blog\/fr\/wp-json\/wp\/v2\/comments?post=112"}],"version-history":[{"count":14,"href":"https:\/\/term-life-insurance.ca\/blog\/fr\/wp-json\/wp\/v2\/pages\/112\/revisions"}],"predecessor-version":[{"id":253,"href":"https:\/\/term-life-insurance.ca\/blog\/fr\/wp-json\/wp\/v2\/pages\/112\/revisions\/253"}],"wp:attachment":[{"href":"https:\/\/term-life-insurance.ca\/blog\/fr\/wp-json\/wp\/v2\/media?parent=112"}],"curies":[{"name":"wp","href":"https:\/\/api.w.org\/{rel}","templated":true}]}}